{"id":28588,"date":"2025-07-17T09:07:21","date_gmt":"2025-07-17T07:07:21","guid":{"rendered":"https:\/\/hotelesbenidorm.com\/?page_id=28588"},"modified":"2025-09-03T12:11:18","modified_gmt":"2025-09-03T10:11:18","slug":"traslados_fr","status":"publish","type":"page","link":"https:\/\/hotelesbenidorm.com\/fr\/traslados_fr\/","title":{"rendered":"traslados_fr"},"content":{"rendered":"\t\t<div data-elementor-type=\"wp-page\" data-elementor-id=\"28588\" class=\"elementor elementor-28588 elementor-25129\" data-elementor-post-type=\"page\">\n\t\t\t\t<div class=\"elementor-element elementor-element-70539e8 e-con-full e-flex e-con e-parent\" data-id=\"70539e8\" data-element_type=\"container\" data-e-type=\"container\" data-settings=\"{&quot;background_background&quot;:&quot;classic&quot;}\">\n\t\t<div class=\"elementor-element elementor-element-4920026 e-con-full e-flex e-con e-child\" data-id=\"4920026\" data-element_type=\"container\" data-e-type=\"container\" data-settings=\"{&quot;background_background&quot;:&quot;classic&quot;}\">\n\t\t\t\t<\/div>\n\t\t\t\t<\/div>\n\t\t\t\t<section class=\"elementor-section elementor-top-section elementor-element elementor-element-67a194a elementor-section-content-middle elementor-section-boxed elementor-section-height-default elementor-section-height-default\" data-id=\"67a194a\" data-element_type=\"section\" data-e-type=\"section\" data-settings=\"{&quot;background_background&quot;:&quot;classic&quot;}\">\n\t\t\t\t\t\t<div class=\"elementor-container elementor-column-gap-default\">\n\t\t\t\t\t<div class=\"elementor-column elementor-col-50 elementor-top-column elementor-element elementor-element-0332e01\" data-id=\"0332e01\" data-element_type=\"column\" data-e-type=\"column\" data-settings=\"{&quot;background_background&quot;:&quot;classic&quot;}\">\n\t\t\t<div class=\"elementor-widget-wrap elementor-element-populated\">\n\t\t\t\t\t\t<div class=\"elementor-element elementor-element-313142a elementor-widget elementor-widget-image\" data-id=\"313142a\" data-element_type=\"widget\" data-e-type=\"widget\" data-widget_type=\"image.default\">\n\t\t\t\t\t\t\t\t\t\t\t\t\t\t\t<img fetchpriority=\"high\" decoding=\"async\" width=\"1024\" height=\"768\" src=\"https:\/\/hotelesbenidorm.com\/wp-content\/uploads\/2025\/07\/hermosa-chica-de-pie-en-el-aeropuerto-o-1.jpg\" class=\"attachment-full size-full wp-image-25608\" alt=\"\" srcset=\"https:\/\/hotelesbenidorm.com\/wp-content\/uploads\/2025\/07\/hermosa-chica-de-pie-en-el-aeropuerto-o-1.jpg 1024w, https:\/\/hotelesbenidorm.com\/wp-content\/uploads\/2025\/07\/hermosa-chica-de-pie-en-el-aeropuerto-o-1-300x225.jpg 300w, https:\/\/hotelesbenidorm.com\/wp-content\/uploads\/2025\/07\/hermosa-chica-de-pie-en-el-aeropuerto-o-1-768x576.jpg 768w\" sizes=\"(max-width: 1024px) 100vw, 1024px\" title=\"\">\t\t\t\t\t\t\t\t\t\t\t\t\t\t\t<\/div>\n\t\t\t\t<section class=\"elementor-section elementor-inner-section elementor-element elementor-element-e88c41b elementor-section-boxed elementor-section-height-default elementor-section-height-default\" data-id=\"e88c41b\" data-element_type=\"section\" data-e-type=\"section\">\n\t\t\t\t\t\t<div class=\"elementor-container elementor-column-gap-default\">\n\t\t\t\t\t<div class=\"elementor-column elementor-col-100 elementor-inner-column elementor-element elementor-element-4df3672\" data-id=\"4df3672\" data-element_type=\"column\" data-e-type=\"column\">\n\t\t\t<div class=\"elementor-widget-wrap elementor-element-populated\">\n\t\t\t\t\t\t<div class=\"elementor-element elementor-element-88bd665 elementor-widget elementor-widget-heading\" data-id=\"88bd665\" data-element_type=\"widget\" data-e-type=\"widget\" data-widget_type=\"heading.default\">\n\t\t\t\t\t<h2 class=\"elementor-heading-title elementor-size-default\">Hoteles Benidorm<\/h2>\t\t\t\t<\/div>\n\t\t\t\t<div class=\"elementor-element elementor-element-c76ea80 elementor-widget elementor-widget-heading\" data-id=\"c76ea80\" data-element_type=\"widget\" data-e-type=\"widget\" data-widget_type=\"heading.default\">\n\t\t\t\t\t<h3 class=\"elementor-heading-title elementor-size-default\">Envoyez-nous votre demande de navette gratuite<\/h3>\t\t\t\t<\/div>\n\t\t\t\t<div class=\"elementor-element elementor-element-3d7ac4e elementor-widget elementor-widget-text-editor\" data-id=\"3d7ac4e\" data-element_type=\"widget\" data-e-type=\"widget\" data-widget_type=\"text-editor.default\">\n\t\t\t\t\t\t\t\t\t<div class=\"section_description\"><p data-start=\"345\" data-end=\"427\">Pour b\u00e9n\u00e9ficier de ce service, il vous suffit de remplir le formulaire ci-dessous.<\/p><p data-start=\"429\" data-end=\"525\">Si votre r\u00e9servation remplit les conditions, nous vous confirmerons la r\u00e9servation du transfert.<\/p><p data-start=\"527\" data-end=\"624\">Sinon, vous pouvez r\u00e9server votre transfert payant directement aupr\u00e8s de Beniconnect<a href=\"https:\/\/bookings.beniconnect.com\/booking.php?banner=2597&amp;lang=gb\" target=\"_blank\" rel=\"noopener\"> via ce lien.<\/a><\/p><\/div>\t\t\t\t\t\t\t\t<\/div>\n\t\t\t\t\t<\/div>\n\t\t<\/div>\n\t\t\t\t\t<\/div>\n\t\t<\/section>\n\t\t\t\t\t<\/div>\n\t\t<\/div>\n\t\t\t\t<div class=\"elementor-column elementor-col-50 elementor-top-column elementor-element elementor-element-86add6f\" data-id=\"86add6f\" data-element_type=\"column\" data-e-type=\"column\" data-settings=\"{&quot;background_background&quot;:&quot;classic&quot;}\">\n\t\t\t<div class=\"elementor-widget-wrap elementor-element-populated\">\n\t\t\t\t\t\t<div class=\"elementor-element elementor-element-c538eaf eael-contact-form-7-button-align-left eael-contact-form-7-button-custom elementor-widget elementor-widget-eael-contact-form-7\" data-id=\"c538eaf\" data-element_type=\"widget\" data-e-type=\"widget\" data-widget_type=\"eael-contact-form-7.default\">\n\t\t\t\t\t<div class=\"eael-contact-form-7-wrapper\">\n                <div class=\"eael-contact-form eael-contact-form-7 eael-contact-form-c538eaf placeholder-show eael-contact-form-align-default\">\n<div class=\"wpcf7 no-js\" id=\"wpcf7-f28584-o1\" lang=\"es-ES\" dir=\"ltr\" data-wpcf7-id=\"28584\">\n<div class=\"screen-reader-response\"><p role=\"status\" aria-live=\"polite\" aria-atomic=\"true\"><\/p> <ul><\/ul><\/div>\n<form action=\"\/fr\/wp-json\/wp\/v2\/pages\/28588#wpcf7-f28584-o1\" method=\"post\" class=\"wpcf7-form init\" aria-label=\"Formulario de contacto\" novalidate=\"novalidate\" data-status=\"init\">\n<fieldset class=\"hidden-fields-container\"><input type=\"hidden\" name=\"_wpcf7\" value=\"28584\" \/><input type=\"hidden\" name=\"_wpcf7_version\" value=\"6.1.5\" \/><input type=\"hidden\" name=\"_wpcf7_locale\" value=\"es_ES\" \/><input type=\"hidden\" name=\"_wpcf7_unit_tag\" value=\"wpcf7-f28584-o1\" \/><input type=\"hidden\" name=\"_wpcf7_container_post\" value=\"0\" \/><input type=\"hidden\" name=\"_wpcf7_posted_data_hash\" value=\"\" \/><input type=\"hidden\" name=\"_wpcf7_recaptcha_response\" value=\"\" \/>\n<\/fieldset>\n<style>\n .formulario-transporte {\n max-width: 1200px;\n margin: 20px auto !important;\n background: #fff;\n padding: 40px !important;\n font-family: Arial, sans-serif;\n color: #15223D;\n}\n.formulario-transporte h2 {\n margin-bottom: 30px;\n}\n.subtitulo {\n font-size: 20px;\n margin-top: 30px;\n margin-bottom: 15px;\n font-weight: bold;\n border-bottom: 2px solid #ccc;\n padding-bottom: 5px;\n}\n.fila {\n display: flex;\n flex-wrap: wrap;\n gap: 20px;\n margin-bottom: 25px;\n}\n.col {\n flex: 1;\n min-width: 200px;\n}\n.campo {\n width: 100%;\n padding: 12px;\n border: 1px solid #ccc;\n background: #fff;\n color: #15223D;\n}\n.label {\n display: block;\n margin-bottom: 6px;\n font-weight: bold;\n}\n.boton {\n background-color: #15223D;\n color: white;\n padding: 10px 100px;\n font-size: 16px;\n font-weight: bold;\n border: 1px solid #15223D !important;\n cursor: pointer;\n}\n.centrado {\n text-align: center;\n margin-top: 30px;\n}\n<\/style>\n<div class=\"formulario-transporte\">\n\t<h2>Formulaire de Transfert\n\t<\/h2>\n\t<div class=\"subtitulo\">\n\t\t<p>H\u00f4tel \u00e0 contacter\n\t\t<\/p>\n\t<\/div>\n\t<p><span class=\"wpcf7-form-control-wrap\" data-name=\"hotel\"><select class=\"wpcf7-form-control wpcf7-select wpcf7-validates-as-required campo\" aria-required=\"true\" aria-invalid=\"false\" name=\"hotel\"><option value=\"Hotel Presidente**** Superior\">Hotel Presidente**** Superior<\/option><option value=\"Riviera Beachotel**** Recommand\u00e9 pour les adultes\">Riviera Beachotel**** Recommand\u00e9 pour les adultes<\/option><option value=\"H\u00f4tels Ambassador Playa I &amp; II****\">H\u00f4tels Ambassador Playa I &amp; II****<\/option><\/select><\/span>\n\t<\/p>\n\t<div class=\"subtitulo\">\n\t\t<p>ALLER \u2013 Arriv\u00e9e de l\u2019a\u00e9roport d\u2019Alicante \u00e0 l\u2019h\u00f4tel\n\t\t<\/p>\n\t<\/div>\n\t<div class=\"fila\">\n\t\t<div class=\"col\">\n\t\t\t<p><label class=\"label\" for=\"ida-dia\">Jour<\/label><br \/>\n<span class=\"wpcf7-form-control-wrap\" data-name=\"ida-dia\"><input class=\"wpcf7-form-control wpcf7-date wpcf7-validates-as-required wpcf7-validates-as-date campo\" id=\"ida-dia\" aria-required=\"true\" aria-invalid=\"false\" value=\"\" type=\"date\" name=\"ida-dia\" \/><\/span>\n\t\t\t<\/p>\n\t\t<\/div>\n\t\t<div class=\"col\">\n\t\t\t<p><label class=\"label\">Heure<\/label><br \/>\n<span class=\"wpcf7-form-control-wrap\" data-name=\"ida-hora\"><input size=\"40\" maxlength=\"400\" class=\"wpcf7-form-control wpcf7-text wpcf7-validates-as-required campo\" aria-required=\"true\" aria-invalid=\"false\" placeholder=\"hh:mm\" value=\"\" type=\"text\" name=\"ida-hora\" \/><\/span>\n\t\t\t<\/p>\n\t\t<\/div>\n\t\t<div class=\"col\">\n\t\t\t<p><label class=\"label\">Num\u00e9ro de vol<\/label><br \/>\n<span class=\"wpcf7-form-control-wrap\" data-name=\"ida-vuelo\"><input size=\"40\" maxlength=\"400\" class=\"wpcf7-form-control wpcf7-text wpcf7-validates-as-required campo\" aria-required=\"true\" aria-invalid=\"false\" value=\"\" type=\"text\" name=\"ida-vuelo\" \/><\/span>\n\t\t\t<\/p>\n\t\t<\/div>\n\t<\/div>\n\t<div class=\"fila\">\n\t\t<div class=\"col\">\n\t\t\t<p><label class=\"label\">Nom de l\u2019a\u00e9roport de d\u00e9part<\/label><br \/>\n<span class=\"wpcf7-form-control-wrap\" data-name=\"ida-origen\"><input size=\"40\" maxlength=\"400\" class=\"wpcf7-form-control wpcf7-text wpcf7-validates-as-required campo\" aria-required=\"true\" aria-invalid=\"false\" value=\"\" type=\"text\" name=\"ida-origen\" \/><\/span>\n\t\t\t<\/p>\n\t\t<\/div>\n\t\t<div class=\"col\">\n\t\t\t<p><label class=\"label\">Nbre d\u2019adultes<\/label><br \/>\n<span class=\"wpcf7-form-control-wrap\" data-name=\"ida-adultos\"><input class=\"wpcf7-form-control wpcf7-number wpcf7-validates-as-required wpcf7-validates-as-number campo\" min=\"0\" aria-required=\"true\" aria-invalid=\"false\" value=\"\" type=\"number\" name=\"ida-adultos\" \/><\/span>\n\t\t\t<\/p>\n\t\t<\/div>\n\t\t<div class=\"col\">\n\t\t\t<p><label class=\"label\">Nbre d\u2019enfants<\/label><br \/>\n<span class=\"wpcf7-form-control-wrap\" data-name=\"ida-ninos\"><input class=\"wpcf7-form-control wpcf7-number wpcf7-validates-as-number campo\" min=\"0\" aria-invalid=\"false\" value=\"\" type=\"number\" name=\"ida-ninos\" \/><\/span>\n\t\t\t<\/p>\n\t\t<\/div>\n\t<\/div>\n\t<div class=\"subtitulo\">\n\t\t<p>RETOUR \u2013 D\u00e9part de l\u2019h\u00f4tel vers l\u2019a\u00e9roport d\u2019Alicante\n\t\t<\/p>\n\t<\/div>\n\t<div class=\"fila\">\n\t\t<div class=\"col\">\n\t\t\t<p><label class=\"label\">Jour<\/label><br \/>\n<span class=\"wpcf7-form-control-wrap\" data-name=\"vuelta-dia\"><input class=\"wpcf7-form-control wpcf7-date wpcf7-validates-as-required wpcf7-validates-as-date campo\" aria-required=\"true\" aria-invalid=\"false\" value=\"\" type=\"date\" name=\"vuelta-dia\" \/><\/span>\n\t\t\t<\/p>\n\t\t<\/div>\n\t\t<div class=\"col\">\n\t\t\t<p><label class=\"label\">Heure<\/label><br \/>\n<span class=\"wpcf7-form-control-wrap\" data-name=\"vuelta-hora\"><input size=\"40\" maxlength=\"400\" class=\"wpcf7-form-control wpcf7-text wpcf7-validates-as-required campo\" aria-required=\"true\" aria-invalid=\"false\" placeholder=\"hh:mm\" value=\"\" type=\"text\" name=\"vuelta-hora\" \/><\/span>\n\t\t\t<\/p>\n\t\t<\/div>\n\t\t<div class=\"col\">\n\t\t\t<p><label class=\"label\">Num\u00e9ro de vol<\/label><br \/>\n<span class=\"wpcf7-form-control-wrap\" data-name=\"vuelta-vuelo\"><input size=\"40\" maxlength=\"400\" class=\"wpcf7-form-control wpcf7-text wpcf7-validates-as-required campo\" aria-required=\"true\" aria-invalid=\"false\" value=\"\" type=\"text\" name=\"vuelta-vuelo\" \/><\/span>\n\t\t\t<\/p>\n\t\t<\/div>\n\t<\/div>\n\t<div class=\"fila\">\n\t\t<div class=\"col\">\n\t\t\t<p><label class=\"label\">Nom de l\u2019a\u00e9roport d\u2019arriv\u00e9e<\/label><br \/>\n<span class=\"wpcf7-form-control-wrap\" data-name=\"vuelta-destino\"><input size=\"40\" maxlength=\"400\" class=\"wpcf7-form-control wpcf7-text wpcf7-validates-as-required campo\" aria-required=\"true\" aria-invalid=\"false\" value=\"\" type=\"text\" name=\"vuelta-destino\" \/><\/span>\n\t\t\t<\/p>\n\t\t<\/div>\n\t\t<div class=\"col\">\n\t\t\t<p><label class=\"label\">Nbre d\u2019adultes<\/label><br \/>\n<span class=\"wpcf7-form-control-wrap\" data-name=\"vuelta-adultos\"><input class=\"wpcf7-form-control wpcf7-number wpcf7-validates-as-required wpcf7-validates-as-number campo\" min=\"0\" aria-required=\"true\" aria-invalid=\"false\" value=\"\" type=\"number\" name=\"vuelta-adultos\" \/><\/span>\n\t\t\t<\/p>\n\t\t<\/div>\n\t\t<div class=\"col\">\n\t\t\t<p><label class=\"label\">Nbre d\u2019enfants<\/label><br \/>\n<span class=\"wpcf7-form-control-wrap\" data-name=\"vuelta-ninos\"><input class=\"wpcf7-form-control wpcf7-number wpcf7-validates-as-number campo\" min=\"0\" aria-invalid=\"false\" value=\"\" type=\"number\" name=\"vuelta-ninos\" \/><\/span>\n\t\t\t<\/p>\n\t\t<\/div>\n\t<\/div>\n\t<div class=\"subtitulo\">\n\t\t<p>Bagages suppl\u00e9mentaires\n\t\t<\/p>\n\t<\/div>\n\t<div class=\"fila\">\n\t\t<div class=\"col\" style=\"flex:2;\">\n\t\t\t<p><label class=\"label\">Bagages suppl\u00e9mentaires<\/label><br \/>\n<span class=\"wpcf7-form-control-wrap\" data-name=\"equipaje\"><select class=\"wpcf7-form-control wpcf7-select campo\" id=\"equipajeSelect\" aria-invalid=\"false\" name=\"equipaje\"><option value=\"Aucun\">Aucun<\/option><option value=\"V\u00e9lo\">V\u00e9lo<\/option><option value=\"Fauteuil roulant pliable\">Fauteuil roulant pliable<\/option><option value=\"Set de golf\">Set de golf<\/option><option value=\"Animaux (jusqu\u2019\u00e0 15 kg)\">Animaux (jusqu\u2019\u00e0 15 kg)<\/option><option value=\"Bagage suppl\u00e9mentaire\">Bagage suppl\u00e9mentaire<\/option><option value=\"Autres\">Autres<\/option><\/select><\/span>\n\t\t\t<\/p>\n\t\t<\/div>\n\t\t<div class=\"col\">\n\t\t\t<p><label class=\"label\">Quantit\u00e9<\/label><br \/>\n<span class=\"wpcf7-form-control-wrap\" data-name=\"cantidad-equipaje\"><input class=\"wpcf7-form-control wpcf7-number wpcf7-validates-as-number campo\" min=\"0\" aria-invalid=\"false\" value=\"\" type=\"number\" name=\"cantidad-equipaje\" \/><\/span>\n\t\t\t<\/p>\n\t\t<\/div>\n\t<\/div>\n\t<div id=\"campoOtros\" class=\"fila\" style=\"display:none;\">\n\t\t<div class=\"col\">\n\t\t\t<p><label class=\"label\">Pr\u00e9cisez le type de bagage<\/label><br \/>\n<span class=\"wpcf7-form-control-wrap\" data-name=\"equipaje-otros\"><input size=\"40\" maxlength=\"400\" class=\"wpcf7-form-control wpcf7-text campo\" aria-invalid=\"false\" value=\"\" type=\"text\" name=\"equipaje-otros\" \/><\/span>\n\t\t\t<\/p>\n\t\t<\/div>\n\t<\/div>\n\t<div class=\"subtitulo\">\n\t\t<p>Coordonn\u00e9es\n\t\t<\/p>\n\t<\/div>\n\t<div class=\"fila\">\n\t\t<div class=\"col\">\n\t\t\t<p><label class=\"label\">R\u00e9f\u00e9rence de r\u00e9servation \/ Num\u00e9ro de confirmation*<\/label><br \/>\n<span class=\"wpcf7-form-control-wrap\" data-name=\"localizador\"><input size=\"40\" maxlength=\"400\" class=\"wpcf7-form-control wpcf7-text wpcf7-validates-as-required campo\" aria-required=\"true\" aria-invalid=\"false\" value=\"\" type=\"text\" name=\"localizador\" \/><\/span>\n\t\t\t<\/p>\n\t\t<\/div>\n\t\t<div class=\"col\">\n\t\t\t<p><label class=\"label\">Adresse e-mail*<\/label><br \/>\n<span class=\"wpcf7-form-control-wrap\" data-name=\"correo\"><input size=\"40\" maxlength=\"400\" class=\"wpcf7-form-control wpcf7-email wpcf7-validates-as-required wpcf7-text wpcf7-validates-as-email campo\" aria-required=\"true\" aria-invalid=\"false\" value=\"\" type=\"email\" name=\"correo\" \/><\/span>\n\t\t\t<\/p>\n\t\t<\/div>\n\t\t<div class=\"col\">\n\t\t\t<p><label class=\"label\">T\u00e9l\u00e9phone*<\/label><br \/>\n<span class=\"wpcf7-form-control-wrap\" data-name=\"telefono\"><input size=\"40\" maxlength=\"400\" class=\"wpcf7-form-control wpcf7-tel wpcf7-validates-as-required wpcf7-text wpcf7-validates-as-tel campo\" aria-required=\"true\" aria-invalid=\"false\" value=\"\" type=\"tel\" name=\"telefono\" \/><\/span>\n\t\t\t<\/p>\n\t\t<\/div>\n\t<\/div>\n\t<p><label style=\"font-size: 14px; color: #555; display: block;\"><br \/>\n<input type=\"checkbox\" name=\"privacy-policy\" required style=\"margin-right: 5px;\" \/>J\u2019ai lu et j\u2019accepte la <a href=\"https:\/\/hotelesbenidorm.com\/fr\/politique-de-confidentialite-fr\/\" target=\"_blank\" style=\"color: #15223D;\">Politique de Confidentialit\u00e9<\/a>.<br \/>\n<\/label>\n\t<\/p>\n\t<div class=\"fila1\" style=\"margin-bottom: 15px; margin-top: 15px; font-size: 12px; color: #666;\">\n\t\t<p>Ce site est prot\u00e9g\u00e9 par reCAPTCHA. La Politique de Confidentialit\u00e9 et les conditions d\u2019utilisation s\u2019appliquent.\n\t\t<\/p>\n\t<\/div>\n\t<div class=\"centrado\">\n\t\t<p><input class=\"wpcf7-form-control wpcf7-submit has-spinner boton\" type=\"submit\" value=\"ENVOYER\" \/>\n\t\t<\/p>\n\t<\/div>\n<\/div>\n<p><script>\n document.addEventListener(\"DOMContentLoaded\", function () {\n var select = document.getElementById(\"equipajeSelect\");\n var campoOtros = document.getElementById(\"campoOtros\");\n if (select) {\n select.addEventListener(\"change\", function () {\n campoOtros.style.display = (select.value === \"Otros\") ? \"block\" : \"none\";\n });\n }\n });\n<\/script>\n<\/p><div class=\"wpcf7-response-output\" aria-hidden=\"true\"><\/div>\n<\/form>\n<\/div>\n<\/div>\n            <\/div>\t\t\t\t<\/div>\n\t\t\t\t<div class=\"elementor-element elementor-element-e51cdd4 elementor-widget elementor-widget-text-editor\" data-id=\"e51cdd4\" data-element_type=\"widget\" data-e-type=\"widget\" data-widget_type=\"text-editor.default\">\n\t\t\t\t\t\t\t\t\t<div class=\"section_description\"><div class=\"legal-text\"><p>*Le service de navette est assur\u00e9 par la soci\u00e9t\u00e9 BENICONNECT, et non par Hoteles Benidorm. Par cons\u00e9quent, Hoteles Benidorm d\u00e9cline toute responsabilit\u00e9 en cas de retard ou d\u2019annulation. Pour consulter les conditions g\u00e9n\u00e9rales d\u2019utilisation.<\/p><p>*Le service Connect Shuttle sera disponible pour les vols arrivant et partant de l\u2019a\u00e9roport d\u2019Alicante du 1er novembre au 31 mars, entre 6h00 et 23h59. Du 1er avril au 31 octobre, ce service est disponible 24h\/24. Le service vers la gare est disponible pour tous les trains arrivant ou partant de la gare d\u2019Alicante entre 9h30 et 20h25.<\/p><p>*Le 25 d\u00e9cembre est exclu de cette promotion.<\/p><p>*\u00c0 partir du 1er janvier 2025, le service de navette gratuit offert par Beniconnect sera le Economy Connect Shuttle.<\/p><\/div><\/div>\t\t\t\t\t\t\t\t<\/div>\n\t\t\t\t\t<\/div>\n\t\t<\/div>\n\t\t\t\t\t<\/div>\n\t\t<\/section>\n\t\t\t\t<\/div>\n\t\t","protected":false},"excerpt":{"rendered":"<p>Hoteles Benidorm Envoyez-nous votre demande de navette gratuite Pour b\u00e9n\u00e9ficier de ce service, il vous suffit de remplir le formulaire ci-dessous. Si votre r\u00e9servation remplit les conditions, nous vous confirmerons la r\u00e9servation du transfert. Sinon, vous pouvez r\u00e9server votre transfert payant directement aupr\u00e8s de Beniconnect via ce lien. Formulaire de Transfert H\u00f4tel \u00e0 contacter Hotel [&hellip;]<\/p>\n","protected":false},"author":1,"featured_media":0,"parent":0,"menu_order":0,"comment_status":"closed","ping_status":"closed","template":"elementor_header_footer","meta":{"footnotes":""},"class_list":["post-28588","page","type-page","status-publish","hentry"],"_links":{"self":[{"href":"https:\/\/hotelesbenidorm.com\/fr\/wp-json\/wp\/v2\/pages\/28588","targetHints":{"allow":["GET"]}}],"collection":[{"href":"https:\/\/hotelesbenidorm.com\/fr\/wp-json\/wp\/v2\/pages"}],"about":[{"href":"https:\/\/hotelesbenidorm.com\/fr\/wp-json\/wp\/v2\/types\/page"}],"author":[{"embeddable":true,"href":"https:\/\/hotelesbenidorm.com\/fr\/wp-json\/wp\/v2\/users\/1"}],"replies":[{"embeddable":true,"href":"https:\/\/hotelesbenidorm.com\/fr\/wp-json\/wp\/v2\/comments?post=28588"}],"version-history":[{"count":5,"href":"https:\/\/hotelesbenidorm.com\/fr\/wp-json\/wp\/v2\/pages\/28588\/revisions"}],"predecessor-version":[{"id":30857,"href":"https:\/\/hotelesbenidorm.com\/fr\/wp-json\/wp\/v2\/pages\/28588\/revisions\/30857"}],"wp:attachment":[{"href":"https:\/\/hotelesbenidorm.com\/fr\/wp-json\/wp\/v2\/media?parent=28588"}],"curies":[{"name":"wp","href":"https:\/\/api.w.org\/{rel}","templated":true}]}}