{"id":22859,"date":"2025-05-26T09:33:48","date_gmt":"2025-05-26T07:33:48","guid":{"rendered":"https:\/\/hotelesbenidorm.com\/?page_id=22859"},"modified":"2025-06-16T11:52:56","modified_gmt":"2025-06-16T09:52:56","slug":"avis-legal-fr","status":"publish","type":"page","link":"https:\/\/hotelesbenidorm.com\/fr\/avis-legal-fr\/","title":{"rendered":"Aviso Legal &#8211; fr"},"content":{"rendered":"\t\t<div data-elementor-type=\"wp-page\" data-elementor-id=\"22859\" class=\"elementor elementor-22859 elementor-9244\" data-elementor-post-type=\"page\">\n\t\t\t\t<div class=\"elementor-element elementor-element-bb1dac6 e-con-full e-flex e-con e-child\" data-id=\"bb1dac6\" data-element_type=\"container\" data-e-type=\"container\" data-settings=\"{&quot;background_background&quot;:&quot;classic&quot;}\">\n\t\t\t\t<div class=\"elementor-element elementor-element-f85da39 elementor-widget elementor-widget-elementskit-heading\" data-id=\"f85da39\" data-element_type=\"widget\" data-e-type=\"widget\" data-widget_type=\"elementskit-heading.default\">\n\t\t\t\t\t<div class=\"ekit-wid-con\" ><div class=\"ekit-heading elementskit-section-title-wraper text_left   ekit_heading_tablet-   ekit_heading_mobile-\"><h1 class=\"elementskit-section-subtitle  \">\n\t\t\t\t\t\tHoteles Benidorm\n\t\t\t\t\t<\/h1><h2 class=\"ekit-heading--title elementskit-section-title \">Mentions l\u00e9gales: G\u00e9n\u00e9ralit\u00e9s<\/h2><\/div><\/div>\t\t\t\t<\/div>\n\t\t\t\t<\/div>\n\t\t<div class=\"elementor-element elementor-element-e189daf e-flex e-con-boxed e-con e-parent\" data-id=\"e189daf\" data-element_type=\"container\" data-e-type=\"container\">\n\t\t\t\t\t<div class=\"e-con-inner\">\n\t\t\t\t<div class=\"elementor-element elementor-element-d1c7e5a elementor-widget elementor-widget-text-editor\" data-id=\"d1c7e5a\" data-element_type=\"widget\" data-e-type=\"widget\" data-widget_type=\"text-editor.default\">\n\t\t\t\t\t\t\t\t\t<section class=\"privacy-policy\">\n    <style>\n        @import url('https:\/\/fonts.googleapis.com\/css2?family=Jost:wght@400;500;700&display=swap');\n        .privacy-policy {\n            font-family: 'Jost', sans-serif;\n            line-height: 1.6;\n            font-size: 18px;\n            color: #333;\n            max-width: 1400px;\n            margin: 2em auto;\n            padding: 0 15px;\n        }\n        .privacy-policy a {\n            color: #8fbf00;\n            text-decoration: underline;\n        }\n        .privacy-policy h1,\n        .privacy-policy h2,\n        .privacy-policy h3 {\n            font-weight: 700;\n            margin-top: 2em;\n            margin-bottom: 1em;\n            color: #15223D;\n            line-height: 1.2;\n        }\n        .privacy-policy h1 {\n            font-size: 2.5em;\n            text-align: center;\n            color: #15223D;\n            margin-bottom: 1.5em;\n        }\n        .privacy-policy h2 {\n            font-size: 1.8em;\n            border-bottom: 2px solid #8fbf00;\n            padding-bottom: 0.5em;\n        }\n        .privacy-policy h3 {\n            font-size: 1.4em;\n        }\n        .privacy-policy ul {\n            padding-left: 25px;\n            margin-bottom: 1em;\n        }\n        .privacy-policy ul li {\n            margin-bottom: 0.5em;\n        }\n        .privacy-policy table {\n            width: 100%;\n            border-collapse: collapse;\n            margin-top: 1.5em;\n            margin-bottom: 2em;\n            font-size: 15px;\n            box-shadow: 0 2px 8px rgba(0,0,0,0.1);\n        }\n        .privacy-policy table th,\n        .privacy-policy table td {\n            border: 1px solid #ddd;\n            padding: 12px 15px;\n            text-align: left;\n        }\n        .privacy-policy table th {\n            background-color: #f4f4f4;\n            font-weight: 700;\n            color: #555;\n        }\n        .privacy-policy table tr:nth-child(even) {\n            background-color: #f9f9f9;\n        }\n        .privacy-policy strong {\n            font-weight: 600;\n            color: #000;\n        }\n        .privacy-policy p {\n            margin-bottom: 1em;\n        }\n    <\/style>\n    <h1>Donn\u00e9es d&rsquo;identification du Titulaire du Site Web<\/h1>\n    <p>En conformit\u00e9 avec le devoir d&rsquo;information stipul\u00e9 \u00e0 l&rsquo;article 10 de la Loi 34\/2002 du 11 juillet sur les Services de la Soci\u00e9t\u00e9 de l&rsquo;Information et du Commerce \u00c9lectronique, <strong>Hoteles Benidorm, S.L.<\/strong> (ci-apr\u00e8s <strong>Hoteles Benidorm<\/strong>) en sa qualit\u00e9 de titulaire du site web <strong>hotelesbenidorm.com<\/strong>, proc\u00e8de \u00e0 vous communiquer les donn\u00e9es d&rsquo;identification exig\u00e9es par ladite norme :<\/p>\n    <table>\n        <tbody>\n            <tr>\n                <th>D\u00e9nomination sociale<\/th>\n                <td>Hoteles Benidorm, S.L.<\/td>\n            <\/tr>\n            <tr>\n                <th>Si\u00e8ge social<\/th>\n                <td>C\/ Gerona, 39 \u2013 03503 Benidorm (Alicante, Espagne)<\/td>\n            <\/tr>\n            <tr>\n                <th>CIF<\/th>\n                <td>B03847670<\/td>\n            <\/tr>\n            <tr>\n                <th>Adresse de courrier \u00e9lectronique<\/th>\n                <td><a href=\"mailto:reservas@hotelesbenidorm.com\">reservas@hotelesbenidorm.com<\/a><\/td>\n            <\/tr>\n            <tr>\n                <th>Donn\u00e9es d&rsquo;inscription au Registre du Commerce<\/th>\n                <td>R.M. Alicante, tome 1590, folio 38, feuille A-21002<\/td>\n            <\/tr>\n            <tr>\n                <th>R.E.T.A.<\/th>\n                <td> <\/td>\n            <\/tr>\n        <\/tbody>\n    <\/table>\n    <p>La pr\u00e9sente information \u00e9tablit et r\u00e9git les conditions d&rsquo;utilisation, les limitations de responsabilit\u00e9 et les obligations que les utilisateurs de la page web publi\u00e9e sous le nom de domaine <strong>hotelesbenidorm.com<\/strong> assument et s&rsquo;engagent \u00e0 respecter.<\/p>\n\n\n    <h2>D\u00e9finitions Cl\u00e9s<\/h2>\n    <p>Pour une meilleure compr\u00e9hension de cette Notice L\u00e9gale, les termes cl\u00e9s utilis\u00e9s sont d\u00e9finis ci-dessous :<\/p>\n    <table>\n        <thead>\n            <tr>\n                <th>Terme<\/th>\n                <th>D\u00e9finition<\/th>\n            <\/tr>\n        <\/thead>\n        <tbody>\n            <tr>\n                <td><strong>Page<\/strong><\/td>\n                <td>Le domaine hotelesbenidorm.com mis \u00e0 la disposition des Utilisateurs d&rsquo;Internet.<\/td>\n            <\/tr>\n            <tr>\n                <td><strong>Utilisateur<\/strong><\/td>\n                <td>Toute personne physique ou morale qui utilise ou navigue sur la Page.<\/td>\n            <\/tr>\n            <tr>\n                <td><strong>Contenu<\/strong><\/td>\n                <td>Les pages qui composent l&rsquo;int\u00e9gralit\u00e9 du domaine hotelesbenidorm.com, incluant les informations et services que Hoteles Benidorm met \u00e0 la disposition des Utilisateurs d&rsquo;Internet. Cela comprend les messages, textes, photographies, graphiques, ic\u00f4nes, logos, technologie, liens, textures, dessins, fichiers audio et\/ou image, enregistrements, logiciels, apparence, conception graphique et codes source, et, en g\u00e9n\u00e9ral, tout type de mat\u00e9riel contenu sur la Page.<\/td>\n            <\/tr>\n            <tr>\n                <td><strong>Web<\/strong><\/td>\n                <td>Terme technique d\u00e9crivant le syst\u00e8me d&rsquo;acc\u00e8s \u00e0 l&rsquo;information via Internet, configur\u00e9 au moyen de pages cr\u00e9\u00e9es avec le langage HTML ou similaire, et de m\u00e9canismes de programmation tels que Java, JavaScript, PHP, ou autres. Ces pages, con\u00e7ues et publi\u00e9es sous un nom de domaine Internet, sont le r\u00e9sultat de l&rsquo;information que le titulaire met \u00e0 la disposition des Utilisateurs d&rsquo;Internet.<\/td>\n            <\/tr>\n            <tr>\n                <td><strong>Hyperlien<\/strong><\/td>\n                <td>Technique permettant \u00e0 un Utilisateur de naviguer entre diff\u00e9rentes pages du Site Web, ou sur Internet, par un simple clic sur le texte, l&rsquo;ic\u00f4ne, le bouton ou l&rsquo;indicateur contenant le lien.<\/td>\n            <\/tr>\n            <tr>\n                <td><strong>Cookies<\/strong><\/td>\n                <td>Moyen technique de \u00ab\u00a0tra\u00e7abilit\u00e9\u00a0\u00bb et de suivi de la navigation sur les sites Web. Ce sont de petits fichiers texte qui sont \u00e9crits sur l&rsquo;ordinateur de l&rsquo;Utilisateur. Cette m\u00e9thode a des implications sur la vie priv\u00e9e, c&rsquo;est pourquoi Hoteles Benidorm avisera de mani\u00e8re opportune et fiable de leur utilisation au moment de leur implantation sur la Page, via un lien \u00e0 c\u00f4t\u00e9 de la politique de confidentialit\u00e9 et de la notice l\u00e9gale, intitul\u00e9 \u201cPolitique de Cookies\u201d.<\/td>\n            <\/tr>\n        <\/tbody>\n    <\/table>\n\n\n\n    <h2>Conditions d&rsquo;Utilisation<\/h2>\n    <p>La simple utilisation de la Page conf\u00e8re la qualit\u00e9 d&rsquo;utilisateur et implique l&rsquo;acceptation compl\u00e8te et sans r\u00e9serve de toutes les clauses et conditions g\u00e9n\u00e9rales incluses dans cette Notice L\u00e9gale. Si l&rsquo;Utilisateur n&rsquo;est pas d&rsquo;accord avec les clauses et conditions d&rsquo;utilisation de cette Notice L\u00e9gale, il devra s&rsquo;abstenir d&rsquo;utiliser la Page.<\/p>\n    <p>Cette Notice L\u00e9gale est sujette \u00e0 des modifications et mises \u00e0 jour. La version publi\u00e9e par Hoteles Benidorm peut donc \u00eatre diff\u00e9rente \u00e0 chaque fois que l&rsquo;Utilisateur acc\u00e8de au Portail. Par cons\u00e9quent, l&rsquo;Utilisateur doit lire la Notice L\u00e9gale \u00e0 chaque fois qu&rsquo;il acc\u00e8de \u00e0 la Page.<\/p>\n    <p>\u00c0 travers la Page, Hoteles Benidorm facilite aux Utilisateurs l&rsquo;acc\u00e8s et l&rsquo;utilisation de divers Contenus publi\u00e9s sur Internet par Hoteles Benidorm ou par des tiers autoris\u00e9s.<\/p>\n    <p>L&rsquo;Utilisateur est oblig\u00e9 et s&rsquo;engage \u00e0 utiliser la Page et les Contenus conform\u00e9ment \u00e0 la l\u00e9gislation en vigueur, \u00e0 la Notice L\u00e9gale, et \u00e0 toute autre notice ou instruction port\u00e9e \u00e0 sa connaissance, que ce soit par le biais de cette notice l\u00e9gale ou de tout autre endroit au sein des Contenus constituant la Page, ainsi qu&rsquo;aux r\u00e8gles de coexistence, de moralit\u00e9 et de bonnes m\u0153urs g\u00e9n\u00e9ralement accept\u00e9es.<\/p>\n    <p>\u00c0 cet effet, l&rsquo;Utilisateur s&rsquo;oblige et s&rsquo;engage \u00e0 <strong>NE PAS<\/strong> utiliser l&rsquo;un des Contenus \u00e0 des fins ou effets illicites, interdits par la Notice L\u00e9gale ou par la l\u00e9gislation en vigueur, portant atteinte aux droits et int\u00e9r\u00eats de tiers, ou qui de quelque mani\u00e8re que ce soit pourraient endommager, rendre inutilisable, surcharger, d\u00e9t\u00e9riorer ou emp\u00eacher l&rsquo;utilisation normale des Contenus, des \u00e9quipements informatiques ou des documents, fichiers et de tout type de contenus stock\u00e9s sur tout \u00e9quipement informatique propre ou contract\u00e9 par Hoteles Benidorm, d&rsquo;autres Utilisateurs ou de tout utilisateur d&rsquo;Internet (mat\u00e9riel et logiciel).<\/p>\n    <p>L&rsquo;Utilisateur s&rsquo;oblige et s&rsquo;engage \u00e0 ne pas transmettre, diffuser ou mettre \u00e0 la disposition de tiers tout type de mat\u00e9riel contenu sur la Page, tels que des informations, textes, donn\u00e9es, contenus, messages, graphiques, dessins, fichiers audio et\/ou image, photographies, enregistrements, logiciels, logos, marques, ic\u00f4nes, technologie, photographies, logiciels, liens, conception graphique et codes source, ou tout autre mat\u00e9riel auquel il aurait acc\u00e8s en sa qualit\u00e9 d&rsquo;Utilisateur de la Page, sans que cette \u00e9num\u00e9ration ne soit limitative.<\/p>\n    <p>De m\u00eame, conform\u00e9ment \u00e0 tout cela, l&rsquo;Utilisateur ne pourra pas :<\/p>\n    <ul>\n        <li>Reproduire, copier, distribuer, mettre \u00e0 disposition ou communiquer publiquement de toute autre mani\u00e8re, transformer ou modifier les Contenus, \u00e0 moins d&rsquo;avoir l&rsquo;autorisation \u00e9crite et explicite de Hoteles Benidorm, qui est titulaire des droits correspondants, ou que cela soit l\u00e9galement autoris\u00e9.<\/li>\n        <li>Supprimer, manipuler ou modifier de quelque mani\u00e8re que ce soit le \u00ab copyright \u00bb et autres donn\u00e9es d&rsquo;identification de la r\u00e9serve de droits de Hoteles Benidorm ou de ses titulaires, les empreintes et\/ou identifiants num\u00e9riques, ou tout autre moyen technique \u00e9tabli pour leur reconnaissance.<\/li>\n    <\/ul>\n    <p>L&rsquo;Utilisateur devra s&rsquo;abstenir d&rsquo;obtenir et m\u00eame de tenter d&rsquo;obtenir les Contenus par des moyens ou des proc\u00e9dures autres que ceux qui, selon les cas, ont \u00e9t\u00e9 mis \u00e0 sa disposition \u00e0 cet effet ou qui ont \u00e9t\u00e9 indiqu\u00e9s \u00e0 cet effet sur les pages Web o\u00f9 se trouvent les Contenus ou, en g\u00e9n\u00e9ral, ceux qui sont habituellement utilis\u00e9s sur Internet \u00e0 cet effet, \u00e0 condition qu&rsquo;ils n&rsquo;entra\u00eenent pas de risque de dommage ou d&rsquo;inutilisabilit\u00e9 de la Page, et\/ou des Contenus.<\/p>\n\n\n\n    <h2>Propri\u00e9t\u00e9 Intellectuelle<\/h2>\n    <p>Toutes les marques, noms commerciaux ou signes distinctifs de toute nature qui apparaissent sur la Page sont la propri\u00e9t\u00e9 de Hoteles Benidorm ou, le cas \u00e9ch\u00e9ant, de tiers qui en ont autoris\u00e9 l&rsquo;utilisation, sans que l&rsquo;utilisation ou l&rsquo;acc\u00e8s au Portail et\/ou aux Contenus n&rsquo;attribue \u00e0 l&rsquo;Utilisateur un quelconque droit sur lesdites marques, noms commerciaux et\/ou signes distinctifs, et sans qu&rsquo;aucun des droits d&rsquo;exploitation existants ou pouvant exister sur lesdits Contenus ne puisse \u00eatre consid\u00e9r\u00e9 comme c\u00e9d\u00e9 \u00e0 l&rsquo;Utilisateur.<\/p>\n    <p>De m\u00eame, les Contenus sont la propri\u00e9t\u00e9 intellectuelle de Hoteles Benidorm, ou de tiers le cas \u00e9ch\u00e9ant ; par cons\u00e9quent, les droits de Propri\u00e9t\u00e9 Intellectuelle sont la propri\u00e9t\u00e9 de Hoteles Benidorm ou de tiers qui en ont autoris\u00e9 l&rsquo;utilisation, \u00e0 qui appartient l&rsquo;exercice exclusif des droits d&rsquo;exploitation de ceux-ci sous quelque forme que ce soit et, en particulier, les droits de reproduction, de distribution, de communication publique et de transformation.<\/p>\n    <p>L&rsquo;utilisation non autoris\u00e9e des informations contenues dans ce Site Web, ainsi que l&rsquo;atteinte aux droits de Propri\u00e9t\u00e9 Intellectuelle ou Industrielle de Hoteles Benidorm ou de tiers inclus dans la Page qui ont c\u00e9d\u00e9 du contenu, donneront lieu aux responsabilit\u00e9s l\u00e9galement \u00e9tablies.<\/p>\n\n\n\n    <h2>Hyperliens<\/h2>\n    <p>Les personnes souhaitant \u00e9tablir des hyperliens entre leur site Web et la Page devront observer et respecter les conditions suivantes :<\/p>\n    <ul>\n        <li>Une autorisation pr\u00e9alable ne sera pas n\u00e9cessaire lorsque l&rsquo;Hyperlien permet uniquement l&rsquo;acc\u00e8s \u00e0 la page d&rsquo;accueil, mais il ne pourra pas la reproduire sous quelque forme que ce soit. Toute autre forme d&rsquo;Hyperlien n\u00e9cessitera l&rsquo;autorisation expresse et univoque par \u00e9crit de Hoteles Benidorm.<\/li>\n        <li>Aucun \u00ab cadre \u00bb (\u00ab frames \u00bb) ne sera cr\u00e9\u00e9 avec les pages Web ni sur les pages Web de Hoteles Benidorm.<\/li>\n        <li>Aucune d\u00e9claration ou indication fausse, inexacte ou offensive ne sera faite concernant Hoteles Benidorm, ses dirigeants, ses employ\u00e9s ou collaborateurs, ou les personnes li\u00e9es \u00e0 la Page pour quelque raison que ce soit, ou les Utilisateurs de la Page, ou les Contenus fournis.<\/li>\n        <li>Il ne sera pas d\u00e9clar\u00e9 ni laiss\u00e9 entendre que Hoteles Benidorm a autoris\u00e9 l&rsquo;Hyperlien ou qu&rsquo;il a supervis\u00e9 ou assum\u00e9 de quelque mani\u00e8re que ce soit les Contenus offerts ou mis \u00e0 disposition sur le site Web o\u00f9 l&rsquo;Hyperlien est \u00e9tabli.<\/li>\n        <li>La page Web sur laquelle l&rsquo;Hyperlien est \u00e9tabli ne pourra contenir que le strict n\u00e9cessaire pour identifier la destination de l&rsquo;Hyperlien.<\/li>\n        <li>La page Web sur laquelle l&rsquo;Hyperlien est \u00e9tabli ne contiendra pas d&rsquo;informations ou de contenus illicites, contraires \u00e0 la morale et aux bonnes m\u0153urs g\u00e9n\u00e9ralement accept\u00e9es et \u00e0 l&rsquo;ordre public, et ne contiendra pas non plus de contenus contraires \u00e0 tout droit de tiers.<\/li>\n    <\/ul>\n\n\n\n    <h2>Disponibilit\u00e9 de la Page et Responsabilit\u00e9<\/h2>\n    <p>Hoteles Benidorm ne garantit pas l&rsquo;absence d&rsquo;interruptions ou d&rsquo;erreurs dans l&rsquo;acc\u00e8s \u00e0 la Page, \u00e0 ses Contenus, ni que ceux-ci soient \u00e0 jour, bien qu&rsquo;il d\u00e9ploiera ses meilleurs efforts pour, le cas \u00e9ch\u00e9ant, les \u00e9viter, les corriger ou les mettre \u00e0 jour. Par cons\u00e9quent, Hoteles Benidorm ne peut \u00eatre tenu responsable des dommages ou pr\u00e9judices de toute nature subis par l&rsquo;Utilisateur en raison de d\u00e9faillances ou de d\u00e9connexions dans les r\u00e9seaux de t\u00e9l\u00e9communications qui entra\u00eenent la suspension, l&rsquo;annulation ou l&rsquo;interruption du service du Portail pendant sa prestation ou pr\u00e9alablement.<\/p>\n    <p>Hoteles Benidorm exclut, \u00e0 l&rsquo;exception des cas pr\u00e9vus par la l\u00e9gislation en vigueur, toute responsabilit\u00e9 pour les dommages et pr\u00e9judices de toute nature qui pourraient \u00eatre dus au manque de disponibilit\u00e9, de continuit\u00e9 ou de qualit\u00e9 du fonctionnement de la Page et des Contenus, au non-respect de l&rsquo;attente d&rsquo;utilit\u00e9 que les utilisateurs auraient pu attribuer \u00e0 la Page et aux Contenus.<\/p>\n    <p>La fonction des Hyperliens qui apparaissent sur ce Site Web est exclusivement d&rsquo;informer l&rsquo;utilisateur de l&rsquo;existence d&rsquo;autres sites Web contenant des informations sur le sujet. Ces Hyperliens ne constituent aucune suggestion ou recommandation.<\/p>\n    <p>Hoteles Benidorm n&rsquo;est pas responsable des contenus des pages li\u00e9es, du fonctionnement ou de l&rsquo;utilit\u00e9 des Hyperliens ni du r\u00e9sultat qui pourrait \u00eatre obtenu des informations contenues dans les pages li\u00e9es.<\/p>\n    <p>L&rsquo;Utilisateur ne peut inf\u00e9rer aucun droit \u00e0 l&rsquo;\u00e9gard de Hoteles Benidorm par le simple \u00e9tablissement d&rsquo;Hyperliens entre le portail et lesdits sites Web.<\/p>\n\n\n\n    <h2>Protection des Donn\u00e9es Personnelles<\/h2>\n    <p>Hoteles Benidorm traite les donn\u00e9es personnelles fournies via le site web <strong>hotelesbenidorm.com<\/strong> afin de g\u00e9rer la relation commerciale \u00e9tablie, y compris la gestion des r\u00e9servations, l&rsquo;\u00e9mission des factures, le marketing et l&rsquo;envoi de communications commerciales, comme indiqu\u00e9 en d\u00e9tail dans la <a href=\"\/politica-privacidad\" target=\"_blank\" rel=\"noopener noreferrer\">Politique de Confidentialit\u00e9<\/a>.<\/p>\n    <p>Les donn\u00e9es seront conserv\u00e9es pendant le temps n\u00e9cessaire \u00e0 la r\u00e9alisation des finalit\u00e9s pour lesquelles elles ont \u00e9t\u00e9 collect\u00e9es et pendant les ann\u00e9es n\u00e9cessaires pour se conformer aux obligations l\u00e9gales.<\/p>\n    <p>L&rsquo;Utilisateur peut exercer ses droits d&rsquo;acc\u00e8s, de rectification, de suppression, d&rsquo;opposition, de limitation et de portabilit\u00e9 en envoyant une demande \u00e0 <a href=\"mailto:reservas@hotelesbenidorm.com\">reservas@hotelesbenidorm.com<\/a> ou par les moyens indiqu\u00e9s dans la Politique de Confidentialit\u00e9.<\/p>\n\n\n    <h2>L\u00e9gislation Applicable et Juridiction<\/h2>\n    <p>La relation entre Hoteles Benidorm et l&rsquo;Utilisateur sera r\u00e9gie par la l\u00e9gislation espagnole en vigueur et tout litige sera soumis aux Cours et tribunaux de la ville d&rsquo;Alicante, sauf si la loi applicable en dispose autrement.<\/p>\n<\/section>\t\t\t\t\t\t\t\t<\/div>\n\t\t\t\t\t<\/div>\n\t\t\t\t<\/div>\n\t\t\t\t<\/div>\n\t\t","protected":false},"excerpt":{"rendered":"<p>Hoteles Benidorm Mentions l\u00e9gales: G\u00e9n\u00e9ralit\u00e9s Donn\u00e9es d&rsquo;identification du Titulaire du Site Web En conformit\u00e9 avec le devoir d&rsquo;information stipul\u00e9 \u00e0 l&rsquo;article 10 de la Loi 34\/2002 du 11 juillet sur les Services de la Soci\u00e9t\u00e9 de l&rsquo;Information et du Commerce \u00c9lectronique, Hoteles Benidorm, S.L. (ci-apr\u00e8s Hoteles Benidorm) en sa qualit\u00e9 de titulaire du site web [&hellip;]<\/p>\n","protected":false},"author":1,"featured_media":0,"parent":0,"menu_order":0,"comment_status":"closed","ping_status":"closed","template":"elementor_header_footer","meta":{"footnotes":""},"class_list":["post-22859","page","type-page","status-publish","hentry"],"_links":{"self":[{"href":"https:\/\/hotelesbenidorm.com\/fr\/wp-json\/wp\/v2\/pages\/22859","targetHints":{"allow":["GET"]}}],"collection":[{"href":"https:\/\/hotelesbenidorm.com\/fr\/wp-json\/wp\/v2\/pages"}],"about":[{"href":"https:\/\/hotelesbenidorm.com\/fr\/wp-json\/wp\/v2\/types\/page"}],"author":[{"embeddable":true,"href":"https:\/\/hotelesbenidorm.com\/fr\/wp-json\/wp\/v2\/users\/1"}],"replies":[{"embeddable":true,"href":"https:\/\/hotelesbenidorm.com\/fr\/wp-json\/wp\/v2\/comments?post=22859"}],"version-history":[{"count":0,"href":"https:\/\/hotelesbenidorm.com\/fr\/wp-json\/wp\/v2\/pages\/22859\/revisions"}],"wp:attachment":[{"href":"https:\/\/hotelesbenidorm.com\/fr\/wp-json\/wp\/v2\/media?parent=22859"}],"curies":[{"name":"wp","href":"https:\/\/api.w.org\/{rel}","templated":true}]}}